{"id":24,"date":"2016-02-09T18:33:27","date_gmt":"2016-02-09T18:33:27","guid":{"rendered":"http:\/\/thevisualsoundmethod.com\/?page_id=24"},"modified":"2016-05-27T08:59:12","modified_gmt":"2016-05-27T08:59:12","slug":"tvsmethod-seba-crispo","status":"publish","type":"page","link":"https:\/\/thevisualsoundmethod.com\/es\/","title":{"rendered":"TVSMethod by Seba Crispo"},"content":{"rendered":"<p><strong>Hola colegas\u00a0m\u00fasicos!\u00a0<\/strong><\/p>\n<p>Aqu\u00ed encontrar\u00e1n\u00a0<strong>videos<\/strong>\u00a0que les ayudar\u00e1n a aprender y memorizar\u00a0sus <strong>escalas de saxof\u00f3n<\/strong>\u00a0sin el instrumento<strong>.<\/strong><\/p>\n<p>Tambi\u00e9n ir\u00e9 creando<strong>\u00a0pistas\u00a0(backing tracks)<\/strong>\u00a0para ayudarlos\u00a0a\u00a0<strong>practicar escalas y cambios de acordes<\/strong>.<\/p>\n<p>Adem\u00e1s\u00a0encontrar\u00e1n<strong>\u00a0material gr\u00e1fico\u00a0<\/strong>como<strong>\u00a0tablas de digitaci\u00f3n <\/strong>y otros<strong> recursos para saxof\u00f3n.<\/strong><\/p>\n<p>No pretendo cubrir todo lo relacionado con el estudio del saxof\u00f3n, armon\u00eda y teor\u00eda, est\u00e1 lleno de buenos materiales de estudio y buenas p\u00e1ginas en la web. El objetivo es enfocarse en algunas \u00e1reas espec\u00edficas, para ayudarnos a mejorar y complementar\u00a0t\u00e9cnicas de saxof\u00f3n.<\/p>\n<p>Todos los v\u00eddeos pueden encontrarse en mi\u00a0\u00a0canal de Youtube \u00a0<a href=\"http:\/\/&lt;form action=&quot;https:\/\/www.paypal.com\/cgi-bin\/webscr&quot; method=&quot;post&quot; target=&quot;_top&quot;&gt; &lt;input type=&quot;hidden&quot; name=&quot;cmd&quot; value=&quot;_s-xclick&quot;&gt; &lt;input type=&quot;hidden&quot; name=&quot;hosted_button_id&quot; value=&quot;FJEZVLZ6LH448&quot;&gt; &lt;input type=&quot;image&quot; src=&quot;https:\/\/www.paypalobjects.com\/en_US\/i\/btn\/btn_donate_LG.gif&quot; border=&quot;0&quot; name=&quot;submit&quot; alt=&quot;PayPal - The safer, easier way to pay online!&quot;&gt; &lt;img alt=&quot;&quot; border=&quot;0&quot; src=&quot;https:\/\/www.paypalobjects.com\/es_ES\/i\/scr\/pixel.gif&quot; width=&quot;1&quot; height=&quot;1&quot;&gt; &lt;\/form&gt;\" target=\"_blank\">The Visual Sound Method<\/a>. Para una <strong>mejor experiencia de usuario<\/strong> en esta web, les recomiendo\u00a0<strong>deshabilitar la funci\u00f3n autoplay<\/strong>\u00a0 en\u00a0Youtube, de esta manera no les mostrar\u00e1n autom\u00e1ticamente contenidos\u00a0no relacionados\u00a0al final de cada v\u00eddeo y pueden hacer replay f\u00e1cilmente.<\/p>\n<p>Bienvenidos los comentarios, las opiniones, y las contribuciones al proyecto.<\/p>\n<p>Gracias por estar aqu\u00ed, hago esto por ustedes,\u00a0creo en compartir el conocimiento, aprendo mucho de los esfuerzos de otros, y espero que estos materiales les aporten algo tambi\u00e9n!<\/p>\n<p><strong>Sebastian &#8216;Seba&#8217; Crispo\u00a0<\/strong><\/p>\n<hr \/>\n<p><a href=\"http:\/\/thevisualsoundmethod.com\/wp-content\/uploads\/2016\/02\/Vsm.png\" rel=\"attachment wp-att-62\"><img loading=\"lazy\" decoding=\"async\" class=\" wp-image-62 aligncenter\" src=\"http:\/\/thevisualsoundmethod.com\/wp-content\/uploads\/2016\/02\/Vsm-300x300.png\" alt=\"Vsm\" width=\"257\" height=\"257\" srcset=\"https:\/\/thevisualsoundmethod.com\/wp-content\/uploads\/2016\/02\/Vsm-300x300.png 300w, https:\/\/thevisualsoundmethod.com\/wp-content\/uploads\/2016\/02\/Vsm-150x150.png 150w, https:\/\/thevisualsoundmethod.com\/wp-content\/uploads\/2016\/02\/Vsm-768x768.png 768w, https:\/\/thevisualsoundmethod.com\/wp-content\/uploads\/2016\/02\/Vsm.png 826w\" sizes=\"auto, (max-width: 257px) 100vw, 257px\" \/><\/a><\/p>\n<hr \/>\n<p>&nbsp;<\/p>\n<p><figure id=\"attachment_200\" aria-describedby=\"caption-attachment-200\" style=\"width: 600px\" class=\"wp-caption aligncenter\"><a href=\"http:\/\/thevisualsoundmethod.com\/wp-content\/uploads\/2016\/02\/coltrane-in-the-studio.jpg\" rel=\"attachment wp-att-68\"><img loading=\"lazy\" decoding=\"async\" class=\"wp-image-200 size-full\" src=\"http:\/\/thevisualsoundmethod.com\/wp-content\/uploads\/2016\/02\/coltrane-in-the-studio.jpg\" alt=\"Coltran en elstudio\" width=\"600\" height=\"465\" srcset=\"https:\/\/thevisualsoundmethod.com\/wp-content\/uploads\/2016\/02\/coltrane-in-the-studio.jpg 600w, https:\/\/thevisualsoundmethod.com\/wp-content\/uploads\/2016\/02\/coltrane-in-the-studio-300x233.jpg 300w\" sizes=\"auto, (max-width: 600px) 100vw, 600px\" \/><\/a><figcaption id=\"caption-attachment-200\" class=\"wp-caption-text\">Coltrane en el estudio<\/figcaption><\/figure><br \/>\n<\/p>","protected":false},"excerpt":{"rendered":"<p>Hola colegas\u00a0m\u00fasicos!\u00a0 Aqu\u00ed encontrar\u00e1n\u00a0videos\u00a0que les ayudar\u00e1n a aprender y memorizar\u00a0sus escalas de saxof\u00f3n\u00a0sin el instrumento. Tambi\u00e9n ir\u00e9 creando\u00a0pistas\u00a0(backing tracks)\u00a0para ayudarlos\u00a0a\u00a0practicar escalas y cambios de acordes. Adem\u00e1s\u00a0encontrar\u00e1n\u00a0material gr\u00e1fico\u00a0como\u00a0tablas de digitaci\u00f3n y otros recursos para saxof\u00f3n. No pretendo cubrir todo lo relacionado con el estudio del saxof\u00f3n, armon\u00eda y teor\u00eda, est\u00e1 lleno de buenos materiales de estudio &hellip; <a href=\"https:\/\/thevisualsoundmethod.com\/es\/\" class=\"more-link\">Seguir leyendo <span class=\"screen-reader-text\">TVSMethod by Seba Crispo<\/span> <span class=\"meta-nav\">&rarr;<\/span><\/a><\/p>\n","protected":false},"author":1,"featured_media":26,"parent":0,"menu_order":2,"comment_status":"closed","ping_status":"closed","template":"","meta":{"footnotes":""},"class_list":["post-24","page","type-page","status-publish","has-post-thumbnail","hentry"],"yoast_head":"<!-- This site is optimized with the Yoast SEO plugin v26.5 - https:\/\/yoast.com\/wordpress\/plugins\/seo\/ -->\n<title>Escalas de Saxo, ejercicios y pistas backing tracks<\/title>\n<meta name=\"description\" content=\"Aprende y memoriza escalas de saxof\u00f3n. Practica cambios de acordes y escalas con pistas ac\u00fasticas backing tracks. Tutoriales de saxof\u00f3n. Aprende y memoriza escalas de saxof\u00f3n. Practica cambios de acordes y escalas con pistas ac\u00fasticas backing tracks\" \/>\n<meta name=\"robots\" content=\"index, follow, max-snippet:-1, max-image-preview:large, max-video-preview:-1\" \/>\n<link rel=\"canonical\" href=\"https:\/\/thevisualsoundmethod.com\/es\/\" \/>\n<meta property=\"og:locale\" content=\"es_ES\" \/>\n<meta property=\"og:type\" content=\"article\" \/>\n<meta property=\"og:title\" content=\"Escalas de Saxo, ejercicios y pistas backing tracks\" \/>\n<meta property=\"og:description\" content=\"Aprende y memoriza escalas de saxof\u00f3n. Practica cambios de acordes y escalas con pistas ac\u00fasticas backing tracks. Tutoriales de saxof\u00f3n. Aprende y memoriza escalas de saxof\u00f3n. Practica cambios de acordes y escalas con pistas ac\u00fasticas backing tracks\" \/>\n<meta property=\"og:url\" content=\"https:\/\/thevisualsoundmethod.com\/es\/\" \/>\n<meta property=\"og:site_name\" content=\"The Visual Sound Method\" \/>\n<meta property=\"article:modified_time\" content=\"2016-05-27T08:59:12+00:00\" \/>\n<meta property=\"og:image\" content=\"https:\/\/thevisualsoundmethod.com\/wp-content\/uploads\/2016\/02\/Dexter_Gordon.jpg\" \/>\n\t<meta property=\"og:image:width\" content=\"930\" \/>\n\t<meta property=\"og:image:height\" content=\"523\" \/>\n\t<meta property=\"og:image:type\" content=\"image\/jpeg\" \/>\n<meta name=\"twitter:card\" content=\"summary_large_image\" \/>\n<meta name=\"twitter:label1\" content=\"Tiempo de lectura\" \/>\n\t<meta name=\"twitter:data1\" content=\"3 minutos\" \/>\n<script type=\"application\/ld+json\" class=\"yoast-schema-graph\">{\"@context\":\"https:\/\/schema.org\",\"@graph\":[{\"@type\":\"WebPage\",\"@id\":\"https:\/\/thevisualsoundmethod.com\/es\/\",\"url\":\"https:\/\/thevisualsoundmethod.com\/es\/\",\"name\":\"Escalas de Saxo, ejercicios y pistas backing tracks\",\"isPartOf\":{\"@id\":\"\/es\/#website\"},\"primaryImageOfPage\":{\"@id\":\"https:\/\/thevisualsoundmethod.com\/es\/#primaryimage\"},\"image\":{\"@id\":\"https:\/\/thevisualsoundmethod.com\/#primaryimage\"},\"thumbnailUrl\":\"https:\/\/thevisualsoundmethod.com\/wp-content\/uploads\/2016\/02\/Dexter_Gordon.jpg\",\"datePublished\":\"2016-02-09T18:33:27+00:00\",\"dateModified\":\"2016-05-27T08:59:12+00:00\",\"description\":\"Aprende y memoriza escalas de saxof\u00f3n. Practica cambios de acordes y escalas con pistas ac\u00fasticas backing tracks. Tutoriales de saxof\u00f3n. Aprende y memoriza escalas de saxof\u00f3n. Practica cambios de acordes y escalas con pistas ac\u00fasticas backing tracks\",\"breadcrumb\":{\"@id\":\"https:\/\/thevisualsoundmethod.com\/es\/#breadcrumb\"},\"inLanguage\":\"es\",\"potentialAction\":[{\"@type\":\"ReadAction\",\"target\":[[\"https:\/\/thevisualsoundmethod.com\/es\/\"]]}]},{\"@type\":\"ImageObject\",\"inLanguage\":\"es\",\"@id\":\"https:\/\/thevisualsoundmethod.com\/es\/#primaryimage\",\"url\":\"https:\/\/thevisualsoundmethod.com\/wp-content\/uploads\/2016\/02\/Dexter_Gordon.jpg\",\"contentUrl\":\"https:\/\/thevisualsoundmethod.com\/wp-content\/uploads\/2016\/02\/Dexter_Gordon.jpg\",\"width\":930,\"height\":523,\"caption\":\"Dexter Gordon\"},{\"@type\":\"BreadcrumbList\",\"@id\":\"https:\/\/thevisualsoundmethod.com\/es\/#breadcrumb\",\"itemListElement\":[{\"@type\":\"ListItem\",\"position\":1,\"name\":\"Home\",\"item\":\"https:\/\/thevisualsoundmethod.com\/es\/\"},{\"@type\":\"ListItem\",\"position\":2,\"name\":\"TVSMethod by Seba Crispo\"}]},{\"@type\":\"WebSite\",\"@id\":\"\/es\/#website\",\"url\":\"\/es\/\",\"name\":\"The Visual Sound Method\",\"description\":\"Memoriza tu escalas de Saxo\",\"potentialAction\":[{\"@type\":\"SearchAction\",\"target\":{\"@type\":\"EntryPoint\",\"urlTemplate\":\"\/es\/?s={search_term_string}\"},\"query-input\":{\"@type\":\"PropertyValueSpecification\",\"valueRequired\":true,\"valueName\":\"search_term_string\"}}],\"inLanguage\":\"es\"}]}<\/script>\n<!-- \/ Yoast SEO plugin. -->","yoast_head_json":{"title":"Escalas de Saxo, ejercicios y pistas backing tracks","description":"Aprende y memoriza escalas de saxof\u00f3n. Practica cambios de acordes y escalas con pistas ac\u00fasticas backing tracks. Tutoriales de saxof\u00f3n. Aprende y memoriza escalas de saxof\u00f3n. Practica cambios de acordes y escalas con pistas ac\u00fasticas backing tracks","robots":{"index":"index","follow":"follow","max-snippet":"max-snippet:-1","max-image-preview":"max-image-preview:large","max-video-preview":"max-video-preview:-1"},"canonical":"https:\/\/thevisualsoundmethod.com\/es\/","og_locale":"es_ES","og_type":"article","og_title":"Escalas de Saxo, ejercicios y pistas backing tracks","og_description":"Aprende y memoriza escalas de saxof\u00f3n. Practica cambios de acordes y escalas con pistas ac\u00fasticas backing tracks. Tutoriales de saxof\u00f3n. Aprende y memoriza escalas de saxof\u00f3n. Practica cambios de acordes y escalas con pistas ac\u00fasticas backing tracks","og_url":"https:\/\/thevisualsoundmethod.com\/es\/","og_site_name":"The Visual Sound Method","article_modified_time":"2016-05-27T08:59:12+00:00","og_image":[{"width":930,"height":523,"url":"https:\/\/thevisualsoundmethod.com\/wp-content\/uploads\/2016\/02\/Dexter_Gordon.jpg","type":"image\/jpeg"}],"twitter_card":"summary_large_image","twitter_misc":{"Tiempo de lectura":"3 minutos"},"schema":{"@context":"https:\/\/schema.org","@graph":[{"@type":"WebPage","@id":"https:\/\/thevisualsoundmethod.com\/es\/","url":"https:\/\/thevisualsoundmethod.com\/es\/","name":"Escalas de Saxo, ejercicios y pistas backing tracks","isPartOf":{"@id":"\/es\/#website"},"primaryImageOfPage":{"@id":"https:\/\/thevisualsoundmethod.com\/es\/#primaryimage"},"image":{"@id":"https:\/\/thevisualsoundmethod.com\/#primaryimage"},"thumbnailUrl":"https:\/\/thevisualsoundmethod.com\/wp-content\/uploads\/2016\/02\/Dexter_Gordon.jpg","datePublished":"2016-02-09T18:33:27+00:00","dateModified":"2016-05-27T08:59:12+00:00","description":"Aprende y memoriza escalas de saxof\u00f3n. Practica cambios de acordes y escalas con pistas ac\u00fasticas backing tracks. Tutoriales de saxof\u00f3n. Aprende y memoriza escalas de saxof\u00f3n. Practica cambios de acordes y escalas con pistas ac\u00fasticas backing tracks","breadcrumb":{"@id":"https:\/\/thevisualsoundmethod.com\/es\/#breadcrumb"},"inLanguage":"es","potentialAction":[{"@type":"ReadAction","target":[["https:\/\/thevisualsoundmethod.com\/es\/"]]}]},{"@type":"ImageObject","inLanguage":"es","@id":"https:\/\/thevisualsoundmethod.com\/es\/#primaryimage","url":"https:\/\/thevisualsoundmethod.com\/wp-content\/uploads\/2016\/02\/Dexter_Gordon.jpg","contentUrl":"https:\/\/thevisualsoundmethod.com\/wp-content\/uploads\/2016\/02\/Dexter_Gordon.jpg","width":930,"height":523,"caption":"Dexter Gordon"},{"@type":"BreadcrumbList","@id":"https:\/\/thevisualsoundmethod.com\/es\/#breadcrumb","itemListElement":[{"@type":"ListItem","position":1,"name":"Home","item":"https:\/\/thevisualsoundmethod.com\/es\/"},{"@type":"ListItem","position":2,"name":"TVSMethod by Seba Crispo"}]},{"@type":"WebSite","@id":"\/es\/#website","url":"\/es\/","name":"The Visual Sound Method","description":"Memoriza tu escalas de Saxo","potentialAction":[{"@type":"SearchAction","target":{"@type":"EntryPoint","urlTemplate":"\/es\/?s={search_term_string}"},"query-input":{"@type":"PropertyValueSpecification","valueRequired":true,"valueName":"search_term_string"}}],"inLanguage":"es"}]}},"_links":{"self":[{"href":"https:\/\/thevisualsoundmethod.com\/es\/wp-json\/wp\/v2\/pages\/24","targetHints":{"allow":["GET"]}}],"collection":[{"href":"https:\/\/thevisualsoundmethod.com\/es\/wp-json\/wp\/v2\/pages"}],"about":[{"href":"https:\/\/thevisualsoundmethod.com\/es\/wp-json\/wp\/v2\/types\/page"}],"author":[{"embeddable":true,"href":"https:\/\/thevisualsoundmethod.com\/es\/wp-json\/wp\/v2\/users\/1"}],"replies":[{"embeddable":true,"href":"https:\/\/thevisualsoundmethod.com\/es\/wp-json\/wp\/v2\/comments?post=24"}],"version-history":[{"count":43,"href":"https:\/\/thevisualsoundmethod.com\/es\/wp-json\/wp\/v2\/pages\/24\/revisions"}],"predecessor-version":[{"id":315,"href":"https:\/\/thevisualsoundmethod.com\/es\/wp-json\/wp\/v2\/pages\/24\/revisions\/315"}],"wp:featuredmedia":[{"embeddable":true,"href":"https:\/\/thevisualsoundmethod.com\/es\/wp-json\/wp\/v2\/media\/26"}],"wp:attachment":[{"href":"https:\/\/thevisualsoundmethod.com\/es\/wp-json\/wp\/v2\/media?parent=24"}],"curies":[{"name":"wp","href":"https:\/\/api.w.org\/{rel}","templated":true}]}}